{"id":1194,"date":"2025-05-13T17:57:13","date_gmt":"2025-05-13T20:57:13","guid":{"rendered":"https:\/\/homolog.exzell.com\/?page_id=1194"},"modified":"2025-05-13T17:57:33","modified_gmt":"2025-05-13T20:57:33","slug":"privacy-policy","status":"publish","type":"page","link":"https:\/\/homolog.exzell.com\/fr\/privacy-policy\/","title":{"rendered":"Politique de confidentialit\u00e9"},"content":{"rendered":"<p>Exzell Pharma by Biolab reconna\u00eet votre droit \u00e0 la vie priv\u00e9e et s\u2019engage fermement \u00e0 prot\u00e9ger la confidentialit\u00e9 de tous les visiteurs de ce site Web. L\u2019objectif de cette politique de confidentialit\u00e9 (la \u00ab Politique de confidentialit\u00e9 \u00bb) est de d\u00e9crire les renseignements qu\u2019Exzell Pharma by Biolab peut recueillir, utiliser ou divulguer \u00e0 votre sujet ou \u00e0 propos des autres visiteurs du site.<\/p>\n\n\n\n<p>Pour chaque visiteur de notre site, notre serveur Web reconna\u00eet automatiquement uniquement l\u2019adresse IP du visiteur, mais pas l\u2019adresse courriel (dans la mesure du possible).<\/p>\n\n\n\n<p>Nous recueillons uniquement l\u2019adresse IP, et non l\u2019adresse courriel (dans la mesure du possible), des visiteurs de notre site, les adresses courriel des personnes qui communiquent avec nous par courriel, des informations globales sur les pages consult\u00e9es par les visiteurs, ainsi que les renseignements fournis volontairement par le visiteur, comme les r\u00e9ponses \u00e0 des sondages et\/ou les inscriptions au site.<\/p>\n\n\n\n<p>En r\u00e8gle g\u00e9n\u00e9rale, aucun renseignement personnel n\u2019est recueilli automatiquement des visiteurs du site. Exzell Pharma by Biolab recueille et analyse certains renseignements non personnels concernant l\u2019utilisation du site par tous les visiteurs. Ces donn\u00e9es sont utilis\u00e9es sous forme agr\u00e9g\u00e9e pour aider Exzell Pharma by Biolab \u00e0 identifier les tendances g\u00e9n\u00e9rales d\u2019utilisation et \u00e0 ajuster la mise en page du site afin d\u2019offrir une meilleure exp\u00e9rience en ligne \u00e0 nos visiteurs. Ces renseignements d\u2019utilisation du site et statistiques peuvent \u00eatre divulgu\u00e9s \u00e0 des tiers \u00e0 la discr\u00e9tion d\u2019Exzell Pharma by Biolab. Dans certaines sections du site, des renseignements permettant d\u2019identifier personnellement les visiteurs sont fournis volontairement et en toute connaissance de cause \u00e0 Exzell Pharma by Biolab ou \u00e0 des tiers agissant en son nom par ces visiteurs. Exzell Pharma by Biolab peut utiliser ces renseignements \u00e0 des fins \u00e9ditoriales ou de r\u00e9troaction, dans la mesure o\u00f9 cette utilisation est expliqu\u00e9e aux visiteurs au moment o\u00f9 les renseignements sont fournis. Autrement, Exzell Pharma by Biolab ne recueillera des renseignements permettant d\u2019identifier personnellement les visiteurs du site qu\u2019apr\u00e8s les avoir inform\u00e9s. Peu importe que ces renseignements aient \u00e9t\u00e9 fournis volontairement ou recueillis avec pr\u00e9avis, Exzell Pharma by Biolab s\u2019engage \u00e0 utiliser des moyens commercialement raisonnables pour prot\u00e9ger ces renseignements \u00e0 l\u2019aide de mesures de s\u00e9curit\u00e9 appropri\u00e9es \u00e0 leur nature, et ne les communiquera pas \u00e0 des tiers sans le consentement de la personne concern\u00e9e. Nonobstant ce qui pr\u00e9c\u00e8de, Exzell Pharma by Biolab se r\u00e9serve le droit d\u2019acc\u00e9der aux renseignements personnels et\/ou de les divulguer si la loi l\u2019exige, en r\u00e9ponse \u00e0 une demande gouvernementale l\u00e9gitime ou, \u00e0 son avis raisonnable, pour exploiter correctement le site ou prot\u00e9ger Exzell Pharma by Biolab ou ses visiteurs. Dans la mesure du possible, Exzell Pharma by Biolab tentera d\u2019obtenir le consentement pr\u00e9alable de la personne concern\u00e9e avant toute divulgation \u00e0 des tiers.<\/p>\n\n\n\n<p>Si vous avez accept\u00e9 de recevoir des communications \u00e9lectroniques de notre part, chaque courriel que nous envoyons comprendra une adresse \u00e0 laquelle vous pouvez r\u00e9pondre. Si vous ne souhaitez plus recevoir de courriels de notre part, veuillez suivre la proc\u00e9dure de d\u00e9sabonnement d\u00e9taill\u00e9e dans le courriel, ou communiquez avec nous. <a href=\"https:\/\/homolog.exzell.com\/fr\/contact\/\">contact us<\/a>.<\/p>\n\n\n\n<p>Sauf dans les cas mentionn\u00e9s ci-dessus, nous ne communiquons pas les adresses courriel des personnes qui acc\u00e8dent \u00e0 notre site \u00e0 d\u2019autres organisations ou entreprises.<\/p>\n\n\n\n<p>Cette politique divulgue les pratiques de confidentialit\u00e9 de notre site. Toutefois, notre site contient des liens vers d'autres sites Web. Une fois que vous acc\u00e9dez \u00e0 un autre site, vous \u00eates assujetti \u00e0 la politique de confidentialit\u00e9 et de s\u00e9curit\u00e9 de ce nouveau site, et nous ne sommes pas responsables de la collecte, de l\u2019utilisation ou de la divulgation des renseignements personnels qui peuvent y avoir lieu.<\/p>\n\n\n\n<p>Si vous avez des questions ou des pr\u00e9occupations concernant cette Politique de confidentialit\u00e9, souhaitez faire une demande concernant les renseignements vous concernant d\u00e9tenus par Exzell Pharma by Biolab, ou croyez qu\u2019Exzell Pharma by Biolab n\u2019a pas respect\u00e9 cette politique, veuillez nous contacter. Nous nous efforcerons de r\u00e9pondre \u00e0 vos questions ou pr\u00e9occupations, ou prendrons les mesures raisonnables pour identifier et corriger le probl\u00e8me, selon le cas. <a href=\"https:\/\/homolog.exzell.com\/fr\/contact\/\">contact us<\/a>. We shall respond to your questions or concerns or take commercially reasonable efforts to determine and correct the problem, as the case may be.<\/p>\n\n\n\n<p><\/p>\n\n\n\n<p><\/p>\n\n\n\n<p><\/p>","protected":false},"excerpt":{"rendered":"<p>Exzell Pharma by Biolab recognizes your right to privacy and is strongly committed to protecting the privacy of all visitors to this Site. The intent of this privacy policy (the \u201cPrivacy Policy\u201d) is to detail the information that Exzell Pharma by Biolab may collect, use or disclose about you or other visitors to the Site. [&hellip;]<\/p>","protected":false},"author":2,"featured_media":0,"parent":0,"menu_order":0,"comment_status":"closed","ping_status":"closed","template":"","meta":{"footnotes":""},"class_list":["post-1194","page","type-page","status-publish","hentry"],"acf":[],"yoast_head":"<!-- This site is optimized with the Yoast SEO plugin v25.6 - https:\/\/yoast.com\/wordpress\/plugins\/seo\/ -->\n<title>Privacy Policy - Exzell<\/title>\n<meta name=\"robots\" content=\"noindex, follow, max-snippet:-1, max-image-preview:large, max-video-preview:-1\" \/>\n<meta property=\"og:locale\" content=\"fr_CA\" \/>\n<meta property=\"og:type\" content=\"article\" \/>\n<meta property=\"og:title\" content=\"Privacy Policy - Exzell\" \/>\n<meta property=\"og:description\" content=\"Exzell Pharma by Biolab recognizes your right to privacy and is strongly committed to protecting the privacy of all visitors to this Site. The intent of this privacy policy (the \u201cPrivacy Policy\u201d) is to detail the information that Exzell Pharma by Biolab may collect, use or disclose about you or other visitors to the Site. [&hellip;]\" \/>\n<meta property=\"og:url\" content=\"https:\/\/homolog.exzell.com\/fr\/privacy-policy\/\" \/>\n<meta property=\"og:site_name\" content=\"Exzell\" \/>\n<meta property=\"article:modified_time\" content=\"2025-05-13T20:57:33+00:00\" \/>\n<meta name=\"twitter:card\" content=\"summary_large_image\" \/>\n<meta name=\"twitter:label1\" content=\"Estimation du temps de lecture\" \/>\n\t<meta name=\"twitter:data1\" content=\"3 minutes\" \/>\n<script type=\"application\/ld+json\" class=\"yoast-schema-graph\">{\"@context\":\"https:\/\/schema.org\",\"@graph\":[{\"@type\":\"WebPage\",\"@id\":\"https:\/\/homolog.exzell.com\/privacy-policy\/\",\"url\":\"https:\/\/homolog.exzell.com\/privacy-policy\/\",\"name\":\"Privacy Policy - Exzell\",\"isPartOf\":{\"@id\":\"https:\/\/homolog.exzell.com\/#website\"},\"datePublished\":\"2025-05-13T20:57:13+00:00\",\"dateModified\":\"2025-05-13T20:57:33+00:00\",\"breadcrumb\":{\"@id\":\"https:\/\/homolog.exzell.com\/privacy-policy\/#breadcrumb\"},\"inLanguage\":\"fr-CA\",\"potentialAction\":[{\"@type\":\"ReadAction\",\"target\":[\"https:\/\/homolog.exzell.com\/privacy-policy\/\"]}]},{\"@type\":\"BreadcrumbList\",\"@id\":\"https:\/\/homolog.exzell.com\/privacy-policy\/#breadcrumb\",\"itemListElement\":[{\"@type\":\"ListItem\",\"position\":1,\"name\":\"Home\",\"item\":\"https:\/\/homolog.exzell.com\/\"},{\"@type\":\"ListItem\",\"position\":2,\"name\":\"Privacy Policy\"}]},{\"@type\":\"WebSite\",\"@id\":\"https:\/\/homolog.exzell.com\/#website\",\"url\":\"https:\/\/homolog.exzell.com\/\",\"name\":\"Exzell\",\"description\":\"\",\"potentialAction\":[{\"@type\":\"SearchAction\",\"target\":{\"@type\":\"EntryPoint\",\"urlTemplate\":\"https:\/\/homolog.exzell.com\/?s={search_term_string}\"},\"query-input\":{\"@type\":\"PropertyValueSpecification\",\"valueRequired\":true,\"valueName\":\"search_term_string\"}}],\"inLanguage\":\"fr-CA\"}]}<\/script>\n<!-- \/ Yoast SEO plugin. -->","yoast_head_json":{"title":"Privacy Policy - Exzell","robots":{"index":"noindex","follow":"follow","max-snippet":"max-snippet:-1","max-image-preview":"max-image-preview:large","max-video-preview":"max-video-preview:-1"},"og_locale":"fr_CA","og_type":"article","og_title":"Privacy Policy - Exzell","og_description":"Exzell Pharma by Biolab recognizes your right to privacy and is strongly committed to protecting the privacy of all visitors to this Site. The intent of this privacy policy (the \u201cPrivacy Policy\u201d) is to detail the information that Exzell Pharma by Biolab may collect, use or disclose about you or other visitors to the Site. [&hellip;]","og_url":"https:\/\/homolog.exzell.com\/fr\/privacy-policy\/","og_site_name":"Exzell","article_modified_time":"2025-05-13T20:57:33+00:00","twitter_card":"summary_large_image","twitter_misc":{"Estimation du temps de lecture":"3 minutes"},"schema":{"@context":"https:\/\/schema.org","@graph":[{"@type":"WebPage","@id":"https:\/\/homolog.exzell.com\/privacy-policy\/","url":"https:\/\/homolog.exzell.com\/privacy-policy\/","name":"Privacy Policy - Exzell","isPartOf":{"@id":"https:\/\/homolog.exzell.com\/#website"},"datePublished":"2025-05-13T20:57:13+00:00","dateModified":"2025-05-13T20:57:33+00:00","breadcrumb":{"@id":"https:\/\/homolog.exzell.com\/privacy-policy\/#breadcrumb"},"inLanguage":"fr-CA","potentialAction":[{"@type":"ReadAction","target":["https:\/\/homolog.exzell.com\/privacy-policy\/"]}]},{"@type":"BreadcrumbList","@id":"https:\/\/homolog.exzell.com\/privacy-policy\/#breadcrumb","itemListElement":[{"@type":"ListItem","position":1,"name":"Home","item":"https:\/\/homolog.exzell.com\/"},{"@type":"ListItem","position":2,"name":"Privacy Policy"}]},{"@type":"WebSite","@id":"https:\/\/homolog.exzell.com\/#website","url":"https:\/\/homolog.exzell.com\/","name":"Exzell","description":"","potentialAction":[{"@type":"SearchAction","target":{"@type":"EntryPoint","urlTemplate":"https:\/\/homolog.exzell.com\/?s={search_term_string}"},"query-input":{"@type":"PropertyValueSpecification","valueRequired":true,"valueName":"search_term_string"}}],"inLanguage":"fr-CA"}]}},"_links":{"self":[{"href":"https:\/\/homolog.exzell.com\/fr\/wp-json\/wp\/v2\/pages\/1194","targetHints":{"allow":["GET"]}}],"collection":[{"href":"https:\/\/homolog.exzell.com\/fr\/wp-json\/wp\/v2\/pages"}],"about":[{"href":"https:\/\/homolog.exzell.com\/fr\/wp-json\/wp\/v2\/types\/page"}],"author":[{"embeddable":true,"href":"https:\/\/homolog.exzell.com\/fr\/wp-json\/wp\/v2\/users\/2"}],"replies":[{"embeddable":true,"href":"https:\/\/homolog.exzell.com\/fr\/wp-json\/wp\/v2\/comments?post=1194"}],"version-history":[{"count":2,"href":"https:\/\/homolog.exzell.com\/fr\/wp-json\/wp\/v2\/pages\/1194\/revisions"}],"predecessor-version":[{"id":1196,"href":"https:\/\/homolog.exzell.com\/fr\/wp-json\/wp\/v2\/pages\/1194\/revisions\/1196"}],"wp:attachment":[{"href":"https:\/\/homolog.exzell.com\/fr\/wp-json\/wp\/v2\/media?parent=1194"}],"curies":[{"name":"wp","href":"https:\/\/api.w.org\/{rel}","templated":true}]}}